{"id":1834,"date":"2023-07-04T14:38:05","date_gmt":"2023-07-04T12:38:05","guid":{"rendered":"https:\/\/refonte.dac-varouest.fr\/?page_id=1834"},"modified":"2026-04-16T14:27:07","modified_gmt":"2026-04-16T12:27:07","slug":"nous-contacter","status":"publish","type":"page","link":"https:\/\/dac-varouest.fr\/index.php\/nous-contacter\/","title":{"rendered":"Contact"},"content":{"rendered":"\t\t<div data-elementor-type=\"wp-page\" data-elementor-id=\"1834\" class=\"elementor elementor-1834\">\n\t\t\t\t\t\t<section class=\"elementor-section elementor-top-section elementor-element elementor-element-0c9999a elementor-section-boxed elementor-section-height-default elementor-section-height-default\" data-id=\"0c9999a\" data-element_type=\"section\" data-e-type=\"section\">\n\t\t\t\t\t\t<div class=\"elementor-container elementor-column-gap-default\">\n\t\t\t\t\t<div class=\"elementor-column elementor-col-100 elementor-top-column elementor-element elementor-element-be67725\" data-id=\"be67725\" data-element_type=\"column\" data-e-type=\"column\">\n\t\t\t<div class=\"elementor-widget-wrap elementor-element-populated\">\n\t\t\t\t\t\t<div class=\"elementor-element elementor-element-6b07c13 elementor-widget elementor-widget-html\" data-id=\"6b07c13\" data-element_type=\"widget\" data-e-type=\"widget\" data-widget_type=\"html.default\">\n\t\t\t\t<div class=\"elementor-widget-container\">\n\t\t\t\t\t\n\n\n\n<div class=\"dac-contact-wrapper\">\n\n  <!-- 1. SITUATION COMPLEXE \/ BESOIN D'APPUI -->\n  <section class=\"dac-contact-section dac-contact-main\">\n    <h2 class=\"dac-contact-title\">\n      Vous ressentez une situation complexe<br>\n      <span>Besoin d\u2019un appui ?<\/span>\n    <\/h2>\n\n    <p class=\"dac-contact-subtitle\">Contactez-nous via :<\/p>\n\n    <div class=\"dac-contact-grid\">\n\n      <!-- Colonne 1 : Formulaire PDF -->\n      <div class=\"dac-contact-card\">\n         <div class=\"dac-contact-icon icon-pdf\"><i class=\"fas fa-file-alt\"><\/i><\/div>\n        <h3>Utilisez le formulaire<br>pour solliciter nos services<\/h3>\n        <div class=\"dac-contact-card-footer\">\n          <a href=\"https:\/\/dac-varouest.fr\/wp-content\/uploads\/2026\/04\/FICHE-DORIENTATION-DU-VAR-03-2026.pdf\"\n             class=\"dac-btn dac-btn-primary\" target=\"_blank\" rel=\"noopener\">\n            T\u00e9l\u00e9charger et remplir le PDF\n            <span class=\"dac-btn-arrow\">\u279c<\/span>\n          <\/a>\n        <\/div>\n      <\/div>\n\n      <!-- Colonne 2 : T\u00e9l\u00e9phone -->\n      <div class=\"dac-contact-card\">\n          <div class=\"dac-contact-icon icon-tel\"><img decoding=\"async\" src=\"https:\/\/dac-varouest.fr\/wp-content\/uploads\/2025\/11\/phone-1.svg\" class=\"dac-svg-icon-tel\"><\/i><\/div>\n        <h3>Nous contacter par t\u00e9l\u00e9phone<\/h3>\n        <p class=\"dac-contact-card-text\">\n          Du lundi au vendredi<br>\n          de 8h \u00e0 18h\n        <\/p>\n        <div class=\"dac-contact-card-footer\">\n          <a href=\"tel:0494353201\"\n             class=\"dac-btn dac-btn-secondary\">\n            04.94.35.32.01\n          <\/a>\n        <\/div>\n      <\/div>\n\n      <!-- Colonne 3 : Azurezo -->\n      <div class=\"dac-contact-card\">\n        <div class=\"dac-contact-icon icon-chat\"><i class=\"fas fa-comments\"><\/i><\/div>\n        <h3>Solliciter une \u00e9quipe ressource<br>sur Azurezo discussion<\/h3>\n        <div class=\"dac-contact-card-footer\">\n          <a href=\" https:\/\/azurezo.sante-paca.fr\/orizon\/Discussion#\/\"\n             class=\"dac-btn dac-btn-primary\" target=\"_blank\" rel=\"noopener\">\n            Consulter Azurezo\n            <span class=\"dac-btn-arrow\">\u279c<\/span>\n          <\/a>\n        <\/div>\n      <\/div>\n\n    <\/div>\n  <\/section>\n\n\n  <!-- 2. RUPTURE DE PARCOURS -->\n  <!--<section class=\"dac-contact-section dac-rupture-section\">\n    <h2 class=\"dac-contact-title\">Rupture de parcours<\/h2>\n\n    <p class=\"dac-contact-text\">\n      La rupture de parcours se produit lorsqu\u2019une personne n\u2019acc\u00e8de pas, plus, ou pas suffisamment t\u00f4t\n      aux services ou dispositifs dont elle a besoin pour assurer la continuit\u00e9 de sa prise en charge,\n      de son accompagnement social, m\u00e9dico-social ou sanitaire.\n    <\/p>\n\n    <a href=\"\/index.php\/signalement-dun-point-de-rupture\/\"\n       class=\"dac-btn dac-btn-primary dac-btn-large\">\n      Signaler une rupture de parcours\n      <span class=\"dac-btn-arrow\">\u279c<\/span>\n    <\/a>\n\n    <p class=\"dac-contact-text dac-contact-text-small\">\n      Ce point de rupture sera enregistr\u00e9 dans l\u2019Observatoire territorial des points de rupture\n      pilot\u00e9 par le DAC Var Ouest. Il sera analys\u00e9, int\u00e9gr\u00e9 aux parcours et communiqu\u00e9 \u00e0 l\u2019ARS PACA.\n    <\/p>\n  <\/section>-->\n\n\n  <!-- 3. R\u00c9CLAMATION -->\n  <section class=\"dac-contact-section dac-reclamation-section\">\n    <h2 class=\"dac-contact-title\">\n      Vous souhaitez nous faire part d\u2019une difficult\u00e9 rencontr\u00e9e<br>\n      lors d\u2019un accompagnement avec le DAC Var Ouest ?\n    <\/h2>\n\n    <p class=\"dac-contact-subtitle\">D\u00e9poser une r\u00e9clamation<\/p>\n\n    <a href=\"https:\/\/dac-varouest.fr\/index.php\/depot-reclamation\/\"\n       class=\"dac-btn dac-btn-primary dac-btn-large\">\n      Acc\u00e9der au formulaire\n      <span class=\"dac-btn-arrow\">\u279c<\/span>\n    <\/a>\n  <\/section>\n\n<\/div>\n\t\t\t\t<\/div>\n\t\t\t\t<\/div>\n\t\t\t\t\t<\/div>\n\t\t<\/div>\n\t\t\t\t\t<\/div>\n\t\t<\/section>\n\t\t\t\t<\/div>\n\t\t","protected":false},"excerpt":{"rendered":"<p>Vous ressentez une situation complexe Besoin d\u2019un appui ? Contactez-nous via : Utilisez le formulairepour solliciter nos services T\u00e9l\u00e9charger et remplir le PDF \u279c Nous contacter par t\u00e9l\u00e9phone Du lundi au vendredi de 8h \u00e0 18h 04.94.35.32.01 Solliciter une \u00e9quipe ressourcesur Azurezo discussion Consulter Azurezo \u279c Vous souhaitez nous faire part d\u2019une difficult\u00e9 rencontr\u00e9e lors <\/p>\n","protected":false},"author":4,"featured_media":0,"parent":0,"menu_order":0,"comment_status":"closed","ping_status":"closed","template":"","meta":{"_acf_changed":false,"advanced_seo_description":"","jetpack_seo_html_title":"","jetpack_seo_noindex":false,"footnotes":""},"class_list":["post-1834","page","type-page","status-publish","hentry"],"acf":[],"_links":{"self":[{"href":"https:\/\/dac-varouest.fr\/index.php\/wp-json\/wp\/v2\/pages\/1834","targetHints":{"allow":["GET"]}}],"collection":[{"href":"https:\/\/dac-varouest.fr\/index.php\/wp-json\/wp\/v2\/pages"}],"about":[{"href":"https:\/\/dac-varouest.fr\/index.php\/wp-json\/wp\/v2\/types\/page"}],"author":[{"embeddable":true,"href":"https:\/\/dac-varouest.fr\/index.php\/wp-json\/wp\/v2\/users\/4"}],"replies":[{"embeddable":true,"href":"https:\/\/dac-varouest.fr\/index.php\/wp-json\/wp\/v2\/comments?post=1834"}],"version-history":[{"count":310,"href":"https:\/\/dac-varouest.fr\/index.php\/wp-json\/wp\/v2\/pages\/1834\/revisions"}],"predecessor-version":[{"id":9119,"href":"https:\/\/dac-varouest.fr\/index.php\/wp-json\/wp\/v2\/pages\/1834\/revisions\/9119"}],"wp:attachment":[{"href":"https:\/\/dac-varouest.fr\/index.php\/wp-json\/wp\/v2\/media?parent=1834"}],"curies":[{"name":"wp","href":"https:\/\/api.w.org\/{rel}","templated":true}]}}