{"id":8411,"date":"2026-02-09T19:23:22","date_gmt":"2026-02-09T18:23:22","guid":{"rendered":"https:\/\/dac-varouest.fr\/?page_id=8411"},"modified":"2026-03-24T10:45:30","modified_gmt":"2026-03-24T09:45:30","slug":"soumettre-un-evenement","status":"publish","type":"page","link":"https:\/\/dac-varouest.fr\/index.php\/actualites\/soumettre-un-evenement\/","title":{"rendered":"Soumettre un \u00e9v\u00e8nement"},"content":{"rendered":"\n  <style>\n  .dac-event-wrap{max-width:980px;margin:0 auto;font-family:system-ui,-apple-system,Segoe UI,Roboto,Arial,sans-serif}\n  .dac-event-card{background:#fff;border:1px solid rgba(15,23,42,.10);border-radius:18px;box-shadow:0 10px 26px rgba(2,6,23,.06);padding:18px}\n  .dac-event-title{margin:0 0 12px;font-size:22px;font-weight:900;color:#0f172a}\n  .dac-event-help{margin:0 0 14px;color:#64748b;font-weight:600;font-size:14px}\n  .dac-event-grid{display:grid;grid-template-columns:1fr 1fr;gap:12px}\n  .dac-event-grid-4{grid-template-columns:1.2fr 0.8fr 1fr 1fr}\n  .dac-event-grid-3{grid-template-columns:1fr 1fr 1fr}\n  @media(max-width:820px){.dac-event-grid,.dac-event-grid-4,.dac-event-grid-3{grid-template-columns:1fr}}\n  .dac-event-field{width:100%;border:1px solid rgba(15,23,42,.14);border-radius:12px;padding:12px 12px;font-size:15px;font-weight:650;outline:none}\n  .dac-event-field:focus{border-color:rgba(59,130,246,.55);box-shadow:0 0 0 4px rgba(59,130,246,.12)}\n  .dac-event-actions{margin-top:12px;display:flex;gap:10px;flex-wrap:wrap}\n  .dac-event-btn{border:0;border-radius:999px;padding:12px 16px;font-weight:900;cursor:pointer;background:#0f172a;color:#fff}\n  .dac-event-btn:hover{filter:brightness(1.05)}\n  .dac-event-error{background:#fff1f2;border:1px solid rgba(244,63,94,.25);color:#9f1239;border-radius:12px;padding:10px 12px;font-weight:800;margin-bottom:12px}\n  .dac-event-ok{background:#ecfeff;border:1px solid rgba(6,182,212,.25);color:#155e75;border-radius:12px;padding:12px 14px;font-weight:850}\n  .dac-desc-count{margin-top:6px;font-size:12px;font-weight:800;color:#64748b}\n.dac-desc-count.is-over{color:#b91c1c}\n  <\/style><script>\ndocument.addEventListener(\"DOMContentLoaded\", function(){\n  const ta = document.getElementById(\"dac_desc\");\n  const out = document.getElementById(\"dac_desc_count\");\n  if(!ta || !out) return;\n  const LIMIT = 400;\n  const countNoSpaces = (s) => (String(s||\"\").replace(\/\\s+\/g,\"\")).length;\n\n  const enforce = () => {\n    let v = ta.value || \"\";\n    let c = countNoSpaces(v);\n\n    if (c > LIMIT) {\n      let keep = \"\";\n      let ns = 0;\n      for (const ch of v) {\n        const isSpace = \/\\s\/.test(ch);\n        if (!isSpace) ns++;\n        if (ns > LIMIT) break;\n        keep += ch;\n      }\n      ta.value = keep;\n      c = countNoSpaces(keep);\n    }\n\n    out.textContent = c + \" \/ \" + LIMIT;\n    out.classList.toggle(\"is-over\", c > LIMIT);\n  };\n\n  ta.addEventListener(\"input\", enforce);\n  enforce();\n});\n<\/script>    <div class=\"dac-event-wrap\">\n\t\t<p class=\"dac-event-tuto\">\n\t\t\tPour soumettre votre \u00e9v\u00e8nement veuillez prendre connaissance de la marche \u00e0 suivre : <a href=\"https:\/\/dac-varouest.fr\/wp-content\/uploads\/2026\/03\/Tuto-Agenda-Externe.pdf\">Soumettre un \u00e9v\u00e8nement<\/a>\n\t\t<\/p>\n      <div class=\"dac-event-card\">\n        <h3 class=\"dac-event-title\">Soumettre mon \u00e9v\u00e8nement<\/h3>\n        <p class=\"dac-event-help\">Merci de saisir le mot de passe fourni.<\/p>\n\n        \n        <form method=\"post\">\n          <div class=\"dac-event-grid\">\n            <input class=\"dac-event-field\" type=\"password\" name=\"dac_event_access_pwd\" placeholder=\"Mot de passe\" required>\n            <button class=\"dac-event-btn\" type=\"submit\">Acc\u00e9der<\/button>\n          <\/div>\n        <\/form>\n      <\/div>\n    <\/div>\n    \n","protected":false},"excerpt":{"rendered":"","protected":false},"author":4,"featured_media":0,"parent":4313,"menu_order":0,"comment_status":"closed","ping_status":"closed","template":"","meta":{"_acf_changed":false,"advanced_seo_description":"","jetpack_seo_html_title":"","jetpack_seo_noindex":false,"footnotes":""},"class_list":["post-8411","page","type-page","status-publish","hentry"],"acf":[],"_links":{"self":[{"href":"https:\/\/dac-varouest.fr\/index.php\/wp-json\/wp\/v2\/pages\/8411","targetHints":{"allow":["GET"]}}],"collection":[{"href":"https:\/\/dac-varouest.fr\/index.php\/wp-json\/wp\/v2\/pages"}],"about":[{"href":"https:\/\/dac-varouest.fr\/index.php\/wp-json\/wp\/v2\/types\/page"}],"author":[{"embeddable":true,"href":"https:\/\/dac-varouest.fr\/index.php\/wp-json\/wp\/v2\/users\/4"}],"replies":[{"embeddable":true,"href":"https:\/\/dac-varouest.fr\/index.php\/wp-json\/wp\/v2\/comments?post=8411"}],"version-history":[{"count":3,"href":"https:\/\/dac-varouest.fr\/index.php\/wp-json\/wp\/v2\/pages\/8411\/revisions"}],"predecessor-version":[{"id":8696,"href":"https:\/\/dac-varouest.fr\/index.php\/wp-json\/wp\/v2\/pages\/8411\/revisions\/8696"}],"up":[{"embeddable":true,"href":"https:\/\/dac-varouest.fr\/index.php\/wp-json\/wp\/v2\/pages\/4313"}],"wp:attachment":[{"href":"https:\/\/dac-varouest.fr\/index.php\/wp-json\/wp\/v2\/media?parent=8411"}],"curies":[{"name":"wp","href":"https:\/\/api.w.org\/{rel}","templated":true}]}}