{"id":8881,"date":"2026-04-13T08:36:44","date_gmt":"2026-04-13T06:36:44","guid":{"rendered":"https:\/\/dac-varouest.fr\/?page_id=8881"},"modified":"2026-04-14T11:00:56","modified_gmt":"2026-04-14T09:00:56","slug":"outils","status":"publish","type":"page","link":"https:\/\/dac-varouest.fr\/index.php\/ressources\/outils\/","title":{"rendered":"Outils"},"content":{"rendered":"\t\t<div data-elementor-type=\"wp-page\" data-elementor-id=\"8881\" class=\"elementor elementor-8881\">\n\t\t\t\t\t\t<section class=\"elementor-section elementor-top-section elementor-element elementor-element-e2a4546 elementor-section-boxed elementor-section-height-default elementor-section-height-default\" data-id=\"e2a4546\" data-element_type=\"section\" data-e-type=\"section\">\n\t\t\t\t\t\t<div class=\"elementor-container elementor-column-gap-default\">\n\t\t\t\t\t<div class=\"elementor-column elementor-col-100 elementor-top-column elementor-element elementor-element-0b087d8\" data-id=\"0b087d8\" data-element_type=\"column\" data-e-type=\"column\">\n\t\t\t<div class=\"elementor-widget-wrap elementor-element-populated\">\n\t\t\t\t\t\t<div class=\"elementor-element elementor-element-3a2060b elementor-widget elementor-widget-html\" data-id=\"3a2060b\" data-element_type=\"widget\" data-e-type=\"widget\" data-widget_type=\"html.default\">\n\t\t\t\t<div class=\"elementor-widget-container\">\n\t\t\t\t\t<style>\r\n\/* ===== Grille ===== *\/\r\n.page-outils .dac-grid-outils {\r\n  display: grid !important;\r\n  grid-template-columns: repeat(2, minmax(0, 1fr));\r\n  gap: 32px;\r\n  align-items: stretch;\r\n  justify-items: center;\r\n  justify-content: center;\r\n  margin-top: 20px;\r\n}\r\n\r\n\/* ===== Carte outil ===== *\/\r\n.page-outils .dac-card-outil {\r\n  position: relative;\r\n  z-index: 1;\r\n\r\n  display: block !important;\r\n  width: 100%;\r\n  max-width: 260px;\r\n  padding: 26px 20px;\r\n  border-radius: 24px;\r\n\r\n  border: 2px solid \r\n#b9dfeb;\r\n  background-color: #eef7fa;\r\n\r\n  text-align: center;\r\n  text-decoration: none;\r\n  cursor: pointer;\r\n\r\n  transition: all 0.3s ease;\r\n}\r\n\r\n\/* Hover carte *\/\r\n.page-outils .dac-card-outil:hover {\r\n  transform: translateY(-5px);\r\n  box-shadow: 0 8px 20px rgba(0,0,0,0.08);\r\n}\r\n\r\n\/* ===== Titre section ===== *\/\r\n.page-outils .dac-intro h2 {\r\n  margin-top: 20px;\r\n  text-align: center;\r\n}\r\n\r\n\/* ===== Ic\u00f4ne ===== *\/\r\n.page-outils .dac-card-icon {\r\n  width: 80px;\r\n  height: 80px;\r\n  border-radius: 50%;\r\n  background: white;\r\n  border: 2px solid #2F5DAA;\r\n  margin: 0 auto 16px;\r\n\r\n  display: flex;\r\n  align-items: center;\r\n  justify-content: center;\r\n}\r\n\r\n.page-outils .dac-card-icon img {\r\n  width: 100%;\r\n  height: 100%;\r\n  object-fit: contain;\r\n  transform: scale(1.6);\r\n}\r\n\r\n\/* ===== Titre ===== *\/\r\n.page-outils .dac-card-outil h3 {\r\n  font-size: 1.1rem;\r\n  line-height: 1.4;\r\n  font-weight: 600;\r\n  margin: 5px 0 10px;\r\n  color: #2F5DAA;\r\n}\r\n\r\n\/* ===== Description ===== *\/\r\n.page-outils .dac-card-outil p {\r\n  font-size: 0.95rem;\r\n  line-height: 1.5;\r\n  margin-bottom: 18px;\r\n  color: #4a4a4a;\r\n}\r\n\r\n\/* ===== Bouton ===== *\/\r\n.page-outils .dac-btn-small {\r\n  margin-top: 15px;\r\n  padding: 10px 22px;\r\n  font-size: 0.95rem;\r\n\r\n  border: 1.5px solid #AFC6E9;\r\n  background: transparent;\r\n  color: #2F5DAA;\r\n  border-radius: 999px;\r\n\r\n  transition: all 0.3s ease;\r\n}\r\n\r\n\/* Hover bouton *\/\r\n.page-outils .dac-card-outil:hover .dac-btn-small {\r\n  background: #2F5DAA;\r\n  color: white;\r\n}\r\n\r\n\/* ===== Responsive ===== *\/\r\n@media (max-width: 768px) {\r\n  .page-outils .dac-grid-outils {\r\n    grid-template-columns: 1fr;\r\n  }\r\n}\r\n<\/style>\r\n\r\n\r\n<section class=\"dac-wrapper page-outils\">\r\n    \r\n    <div class=\"dac-intro\">\r\n        <h2>Les outils d\u00e9velopp\u00e9s par le DAC Var Ouest<\/h2>\r\n    <\/div>\r\n    \r\n    <div class=\"dac-center-content dac-no-bg\">\r\n        <div class=\"dac-narrow-container\">\r\n\r\n            <div class=\"dac-grid dac-grid-outils\">\r\n\r\n                <!-- Outil 1 -->\r\n                <a href=\"https:\/\/alexiavillegasss.github.io\/Formulaire-CLIC-DAC\/\"\r\n                   class=\"dac-card dac-card-outil\">\r\n                    <div class=\"dac-card-icon\">\r\n                        <img decoding=\"async\" src=\"https:\/\/dac-varouest.fr\/wp-content\/uploads\/2025\/12\/2-1.svg\">\r\n                    <\/div>\r\n                    <h3>Aide \u00e0 l\u2019orientation<\/h3>\r\n                    <p>Un outil pour aider \u00e0 l'orientation pour le maintien \u00e0 domicile des personnes \u00e2g\u00e9es.<\/p>\r\n                    <div class=\"dac-btn dac-btn-small\">Acc\u00e9der \u00e0 l'outil<\/div>\r\n                <\/a>\r\n\r\n                <!-- Outil 2 -->\r\n                <a href=\"https:\/\/dac-varouest.fr\/index.php\/ressources\/outils\/disponibilites-des-ehpad\/\"\r\n                   class=\"dac-card dac-card-outil\">\r\n                    <div class=\"dac-card-icon\">\r\n                        <img decoding=\"async\" src=\"https:\/\/dac-varouest.fr\/wp-content\/uploads\/2025\/12\/1-1.svg\">\r\n                    <\/div>\r\n                    <h3>Disponibilit\u00e9s des EHPAD<\/h3>\r\n                    <p>Un outil pour visualiser les places disponibles en EHPAD.<\/p>\r\n                    <div class=\"dac-btn dac-btn-small\">Acc\u00e9der \u00e0 l'outil<\/div>\r\n                <\/a>\r\n\r\n            <\/div>\r\n\r\n        <\/div>\r\n    <\/div>\r\n<\/section>\t\t\t\t<\/div>\n\t\t\t\t<\/div>\n\t\t\t\t\t<\/div>\n\t\t<\/div>\n\t\t\t\t\t<\/div>\n\t\t<\/section>\n\t\t\t\t<\/div>\n\t\t","protected":false},"excerpt":{"rendered":"<p>Les outils d\u00e9velopp\u00e9s par le DAC Var Ouest Aide \u00e0 l\u2019orientation Un outil pour aider \u00e0 l&#8217;orientation pour le maintien \u00e0 domicile des personnes \u00e2g\u00e9es. Acc\u00e9der \u00e0 l&#8217;outil Disponibilit\u00e9s des EHPAD Un outil pour visualiser les places disponibles en EHPAD. Acc\u00e9der \u00e0 l&#8217;outil<\/p>\n","protected":false},"author":7,"featured_media":0,"parent":4345,"menu_order":0,"comment_status":"closed","ping_status":"closed","template":"","meta":{"_acf_changed":false,"advanced_seo_description":"","jetpack_seo_html_title":"","jetpack_seo_noindex":false,"footnotes":""},"class_list":["post-8881","page","type-page","status-publish","hentry"],"acf":[],"_links":{"self":[{"href":"https:\/\/dac-varouest.fr\/index.php\/wp-json\/wp\/v2\/pages\/8881","targetHints":{"allow":["GET"]}}],"collection":[{"href":"https:\/\/dac-varouest.fr\/index.php\/wp-json\/wp\/v2\/pages"}],"about":[{"href":"https:\/\/dac-varouest.fr\/index.php\/wp-json\/wp\/v2\/types\/page"}],"author":[{"embeddable":true,"href":"https:\/\/dac-varouest.fr\/index.php\/wp-json\/wp\/v2\/users\/7"}],"replies":[{"embeddable":true,"href":"https:\/\/dac-varouest.fr\/index.php\/wp-json\/wp\/v2\/comments?post=8881"}],"version-history":[{"count":46,"href":"https:\/\/dac-varouest.fr\/index.php\/wp-json\/wp\/v2\/pages\/8881\/revisions"}],"predecessor-version":[{"id":8992,"href":"https:\/\/dac-varouest.fr\/index.php\/wp-json\/wp\/v2\/pages\/8881\/revisions\/8992"}],"up":[{"embeddable":true,"href":"https:\/\/dac-varouest.fr\/index.php\/wp-json\/wp\/v2\/pages\/4345"}],"wp:attachment":[{"href":"https:\/\/dac-varouest.fr\/index.php\/wp-json\/wp\/v2\/media?parent=8881"}],"curies":[{"name":"wp","href":"https:\/\/api.w.org\/{rel}","templated":true}]}}